{"id":4697,"date":"2021-11-23T16:31:12","date_gmt":"2021-11-23T15:31:12","guid":{"rendered":"https:\/\/new.remeda.se\/?page_id=4697"},"modified":"2024-11-06T09:29:53","modified_gmt":"2024-11-06T08:29:53","slug":"vacancies","status":"publish","type":"page","link":"https:\/\/remeda.se\/de\/vacancies\/","title":{"rendered":"Vacancies"},"content":{"rendered":"<div class=\"fusion-fullwidth fullwidth-box fusion-builder-row-1 fusion-flex-container nonhundred-percent-fullwidth non-hundred-percent-height-scrolling\" style=\"background-color: #ffffff;background-position: center center;background-repeat: no-repeat;border-width: 0px 0px 0px 0px;border-color:#eae9e9;border-style:solid;\" ><div class=\"fusion-builder-row fusion-row fusion-flex-align-items-flex-start\" style=\"max-width:1216.8px;margin-left: calc(-4% \/ 2 );margin-right: calc(-4% \/ 2 );\"><div class=\"fusion-layout-column fusion_builder_column fusion-builder-column-0 fusion_builder_column_1_1 1_1 fusion-flex-column\"><div class=\"fusion-column-wrapper fusion-flex-justify-content-flex-start fusion-content-layout-column\" style=\"background-position:left top;background-repeat:no-repeat;-webkit-background-size:cover;-moz-background-size:cover;-o-background-size:cover;background-size:cover;padding: 0px 0px 0px 0px;\"><style type=\"text\/css\">@media only screen and (max-width:1024px) {.fusion-title.fusion-title-1{margin-top:0px!important; margin-right:0px!important;margin-bottom:0px!important;margin-left:0px!important;}}@media only screen and (max-width:640px) {.fusion-title.fusion-title-1{margin-top:0px!important; margin-right:0px!important;margin-bottom:20px!important; margin-left:0px!important;}}<\/style><div class=\"fusion-title title fusion-title-1 fusion-title-center fusion-title-text fusion-title-size-two\" style=\"margin-top:0px;margin-right:0px;margin-bottom:0px;margin-left:0px;\"><div class=\"title-sep-container title-sep-container-left\"><div class=\"title-sep sep-\" style=\"border-color:#e0dede;\"><\/div><\/div><span class=\"awb-title-spacer\"><\/span><h2 class=\"title-heading-center fusion-responsive-typography-calculated\" style=\"margin:0;--fontSize:48;line-height:1.2;\"><h2 style=\"text-align: left;\">Lediga tj\u00e4nster<\/h2><\/h2><span class=\"awb-title-spacer\"><\/span><div class=\"title-sep-container title-sep-container-right\"><div class=\"title-sep sep-\" style=\"border-color:#e0dede;\"><\/div><\/div><\/div><div class=\"fusion-text fusion-text-1\"><p style=\"text-align: center;\">Remeda AB \u00e4r ett medicintekniskt f\u00f6retag som tillverkar och s\u00e4ljer utrustning till sjukhus. V\u00e5rt fokus \u00e4r att tillverka utrustning som effektiviserar och underl\u00e4ttar arbetet f\u00f6r personalen p\u00e5 sjukhusen. Den st\u00f6rsta delen av f\u00f6rs\u00e4ljningen g\u00e5r p\u00e5 export.<\/p>\n<p style=\"text-align: center;\"><strong>Just nu har vi inga lediga tj\u00e4nster.<\/strong><\/p>\n<\/div>\n<div class=\"table-2\">\n<table width=\"100%\">\n<thead>\n<tr>\n<th style=\"text-align: left;\" align=\"left\"><strong>Roll<\/strong><\/th>\n<th align=\"left\"><strong>Ans\u00f6k senast<\/strong><\/th>\n<th align=\"left\"><strong>Annons<\/strong><\/th>\n<\/tr>\n<\/thead>\n<tbody>\n<tr>\n<td align=\"left\">\n<p style=\"text-align: left;\"><strong>&#8211;<\/strong><\/p>\n<\/td>\n<td style=\"text-align: left;\" align=\"left\">&#8211;<\/td>\n<td align=\"left\"><\/td>\n<\/tr>\n<tr>\n<td align=\"left\">\n<p style=\"text-align: left;\"><strong>&#8211;<\/strong><\/p>\n<\/td>\n<td align=\"left\">&#8211;<\/td>\n<td align=\"left\"><\/td>\n<\/tr>\n<\/tbody>\n<\/table>\n<\/div>\n<\/div><style type=\"text\/css\">.fusion-body .fusion-builder-column-0{width:100% !important;margin-top : 0px;margin-bottom : 20px;}.fusion-builder-column-0 > .fusion-column-wrapper {padding-top : 0px !important;padding-right : 0px !important;margin-right : 1.92%;padding-bottom : 0px !important;padding-left : 0px !important;margin-left : 1.92%;}@media only screen and (max-width:1024px) {.fusion-body .fusion-builder-column-0{width:100% !important;order : 0;}.fusion-builder-column-0 > .fusion-column-wrapper {margin-right : 1.92%;margin-left : 1.92%;}}@media only screen and (max-width:640px) {.fusion-body .fusion-builder-column-0{width:100% !important;order : 0;}.fusion-builder-column-0 > .fusion-column-wrapper {margin-right : 1.92%;margin-left : 1.92%;}}<\/style><\/div><\/div><style type=\"text\/css\">.fusion-body .fusion-flex-container.fusion-builder-row-1{ padding-top : 0px;margin-top : 0px;padding-right : 0px;padding-bottom : 0px;margin-bottom : 0px;padding-left : 0px;}<\/style><\/div>","protected":false},"excerpt":{"rendered":"","protected":false},"author":4,"featured_media":0,"parent":0,"menu_order":0,"comment_status":"closed","ping_status":"closed","template":"","meta":{"footnotes":""},"class_list":["post-4697","page","type-page","status-publish","hentry"],"yoast_head":"<!-- This site is optimized with the Yoast SEO plugin v27.3 - https:\/\/yoast.com\/product\/yoast-seo-wordpress\/ -->\n<title>Vacancies - Remeda<\/title>\n<meta name=\"robots\" content=\"index, follow, max-snippet:-1, max-image-preview:large, max-video-preview:-1\" \/>\n<link rel=\"canonical\" href=\"https:\/\/remeda.se\/de\/vacancies\/\" \/>\n<meta property=\"og:locale\" content=\"de_DE\" \/>\n<meta property=\"og:type\" content=\"article\" \/>\n<meta property=\"og:title\" content=\"Vacancies - Remeda\" \/>\n<meta property=\"og:url\" content=\"https:\/\/remeda.se\/de\/vacancies\/\" \/>\n<meta property=\"og:site_name\" content=\"Remeda\" \/>\n<meta property=\"article:publisher\" content=\"https:\/\/www.facebook.com\/remedasweden\" \/>\n<meta property=\"article:modified_time\" content=\"2024-11-06T08:29:53+00:00\" \/>\n<meta name=\"twitter:card\" content=\"summary_large_image\" \/>\n<meta name=\"twitter:label1\" content=\"Gesch\u00e4tzte Lesezeit\" \/>\n\t<meta name=\"twitter:data1\" content=\"2\u00a0Minuten\" \/>\n<script type=\"application\/ld+json\" class=\"yoast-schema-graph\">{\"@context\":\"https:\\\/\\\/schema.org\",\"@graph\":[{\"@type\":\"WebPage\",\"@id\":\"https:\\\/\\\/remeda.se\\\/vacancies\\\/\",\"url\":\"https:\\\/\\\/remeda.se\\\/vacancies\\\/\",\"name\":\"Vacancies - Remeda\",\"isPartOf\":{\"@id\":\"https:\\\/\\\/remeda.se\\\/sv\\\/#website\"},\"datePublished\":\"2021-11-23T15:31:12+00:00\",\"dateModified\":\"2024-11-06T08:29:53+00:00\",\"breadcrumb\":{\"@id\":\"https:\\\/\\\/remeda.se\\\/vacancies\\\/#breadcrumb\"},\"inLanguage\":\"de\",\"potentialAction\":[{\"@type\":\"ReadAction\",\"target\":[\"https:\\\/\\\/remeda.se\\\/vacancies\\\/\"]}]},{\"@type\":\"BreadcrumbList\",\"@id\":\"https:\\\/\\\/remeda.se\\\/vacancies\\\/#breadcrumb\",\"itemListElement\":[{\"@type\":\"ListItem\",\"position\":1,\"name\":\"Home\",\"item\":\"https:\\\/\\\/remeda.se\\\/\"},{\"@type\":\"ListItem\",\"position\":2,\"name\":\"Vacancies\"}]},{\"@type\":\"WebSite\",\"@id\":\"https:\\\/\\\/remeda.se\\\/sv\\\/#website\",\"url\":\"https:\\\/\\\/remeda.se\\\/sv\\\/\",\"name\":\"Remeda AB\",\"description\":\"Remeda\",\"publisher\":{\"@id\":\"https:\\\/\\\/remeda.se\\\/sv\\\/#organization\"},\"potentialAction\":[{\"@type\":\"SearchAction\",\"target\":{\"@type\":\"EntryPoint\",\"urlTemplate\":\"https:\\\/\\\/remeda.se\\\/sv\\\/?s={search_term_string}\"},\"query-input\":{\"@type\":\"PropertyValueSpecification\",\"valueRequired\":true,\"valueName\":\"search_term_string\"}}],\"inLanguage\":\"de\"},{\"@type\":\"Organization\",\"@id\":\"https:\\\/\\\/remeda.se\\\/sv\\\/#organization\",\"name\":\"Remeda AB\",\"url\":\"https:\\\/\\\/remeda.se\\\/sv\\\/\",\"logo\":{\"@type\":\"ImageObject\",\"inLanguage\":\"de\",\"@id\":\"https:\\\/\\\/remeda.se\\\/sv\\\/#\\\/schema\\\/logo\\\/image\\\/\",\"url\":\"https:\\\/\\\/remeda.se\\\/wp-content\\\/uploads\\\/2020\\\/09\\\/Remeda-Logo_COLOR.png\",\"contentUrl\":\"https:\\\/\\\/remeda.se\\\/wp-content\\\/uploads\\\/2020\\\/09\\\/Remeda-Logo_COLOR.png\",\"width\":666,\"height\":199,\"caption\":\"Remeda AB\"},\"image\":{\"@id\":\"https:\\\/\\\/remeda.se\\\/sv\\\/#\\\/schema\\\/logo\\\/image\\\/\"},\"sameAs\":[\"https:\\\/\\\/www.facebook.com\\\/remedasweden\",\"https:\\\/\\\/www.linkedin.com\\\/company\\\/remeda-ab\\\/\",\"https:\\\/\\\/www.youtube.com\\\/user\\\/RemedaAB\"]}]}<\/script>\n<!-- \/ Yoast SEO plugin. -->","yoast_head_json":{"title":"Vacancies - Remeda","robots":{"index":"index","follow":"follow","max-snippet":"max-snippet:-1","max-image-preview":"max-image-preview:large","max-video-preview":"max-video-preview:-1"},"canonical":"https:\/\/remeda.se\/de\/vacancies\/","og_locale":"de_DE","og_type":"article","og_title":"Vacancies - Remeda","og_url":"https:\/\/remeda.se\/de\/vacancies\/","og_site_name":"Remeda","article_publisher":"https:\/\/www.facebook.com\/remedasweden","article_modified_time":"2024-11-06T08:29:53+00:00","twitter_card":"summary_large_image","twitter_misc":{"Gesch\u00e4tzte Lesezeit":"2\u00a0Minuten"},"schema":{"@context":"https:\/\/schema.org","@graph":[{"@type":"WebPage","@id":"https:\/\/remeda.se\/vacancies\/","url":"https:\/\/remeda.se\/vacancies\/","name":"Vacancies - Remeda","isPartOf":{"@id":"https:\/\/remeda.se\/sv\/#website"},"datePublished":"2021-11-23T15:31:12+00:00","dateModified":"2024-11-06T08:29:53+00:00","breadcrumb":{"@id":"https:\/\/remeda.se\/vacancies\/#breadcrumb"},"inLanguage":"de","potentialAction":[{"@type":"ReadAction","target":["https:\/\/remeda.se\/vacancies\/"]}]},{"@type":"BreadcrumbList","@id":"https:\/\/remeda.se\/vacancies\/#breadcrumb","itemListElement":[{"@type":"ListItem","position":1,"name":"Home","item":"https:\/\/remeda.se\/"},{"@type":"ListItem","position":2,"name":"Vacancies"}]},{"@type":"WebSite","@id":"https:\/\/remeda.se\/sv\/#website","url":"https:\/\/remeda.se\/sv\/","name":"Remeda AB","description":"Remeda","publisher":{"@id":"https:\/\/remeda.se\/sv\/#organization"},"potentialAction":[{"@type":"SearchAction","target":{"@type":"EntryPoint","urlTemplate":"https:\/\/remeda.se\/sv\/?s={search_term_string}"},"query-input":{"@type":"PropertyValueSpecification","valueRequired":true,"valueName":"search_term_string"}}],"inLanguage":"de"},{"@type":"Organization","@id":"https:\/\/remeda.se\/sv\/#organization","name":"Remeda AB","url":"https:\/\/remeda.se\/sv\/","logo":{"@type":"ImageObject","inLanguage":"de","@id":"https:\/\/remeda.se\/sv\/#\/schema\/logo\/image\/","url":"https:\/\/remeda.se\/wp-content\/uploads\/2020\/09\/Remeda-Logo_COLOR.png","contentUrl":"https:\/\/remeda.se\/wp-content\/uploads\/2020\/09\/Remeda-Logo_COLOR.png","width":666,"height":199,"caption":"Remeda AB"},"image":{"@id":"https:\/\/remeda.se\/sv\/#\/schema\/logo\/image\/"},"sameAs":["https:\/\/www.facebook.com\/remedasweden","https:\/\/www.linkedin.com\/company\/remeda-ab\/","https:\/\/www.youtube.com\/user\/RemedaAB"]}]}},"_links":{"self":[{"href":"https:\/\/remeda.se\/de\/wp-json\/wp\/v2\/pages\/4697","targetHints":{"allow":["GET"]}}],"collection":[{"href":"https:\/\/remeda.se\/de\/wp-json\/wp\/v2\/pages"}],"about":[{"href":"https:\/\/remeda.se\/de\/wp-json\/wp\/v2\/types\/page"}],"author":[{"embeddable":true,"href":"https:\/\/remeda.se\/de\/wp-json\/wp\/v2\/users\/4"}],"replies":[{"embeddable":true,"href":"https:\/\/remeda.se\/de\/wp-json\/wp\/v2\/comments?post=4697"}],"version-history":[{"count":20,"href":"https:\/\/remeda.se\/de\/wp-json\/wp\/v2\/pages\/4697\/revisions"}],"predecessor-version":[{"id":5118,"href":"https:\/\/remeda.se\/de\/wp-json\/wp\/v2\/pages\/4697\/revisions\/5118"}],"wp:attachment":[{"href":"https:\/\/remeda.se\/de\/wp-json\/wp\/v2\/media?parent=4697"}],"curies":[{"name":"wp","href":"https:\/\/api.w.org\/{rel}","templated":true}]}}